{"id":2161,"date":"2023-09-11T20:15:12","date_gmt":"2023-09-11T20:15:12","guid":{"rendered":"https:\/\/ffarchitectura.com\/legal\/"},"modified":"2023-09-11T20:32:25","modified_gmt":"2023-09-11T20:32:25","slug":"legal","status":"publish","type":"page","link":"https:\/\/ffarchitectura.com\/es\/legal\/","title":{"rendered":"Legal"},"content":{"rendered":"\t\t<div data-elementor-type=\"wp-page\" data-elementor-id=\"2161\" class=\"elementor elementor-2161 elementor-2144\" data-elementor-post-type=\"page\">\n\t\t\t\t\t\t<section class=\"elementor-section elementor-top-section elementor-element elementor-element-2b9f3b3 elementor-section-boxed elementor-section-height-default elementor-section-height-default\" data-id=\"2b9f3b3\" data-element_type=\"section\">\n\t\t\t\t\t\t<div class=\"elementor-container elementor-column-gap-default\">\n\t\t\t\t\t<div class=\"elementor-column elementor-col-100 elementor-top-column elementor-element elementor-element-4bc9b75\" data-id=\"4bc9b75\" data-element_type=\"column\">\n\t\t\t<div class=\"elementor-widget-wrap elementor-element-populated\">\n\t\t\t\t\t\t<div class=\"elementor-element elementor-element-8d9096d elementor-widget__width-initial elementor-widget elementor-widget-text-editor\" data-id=\"8d9096d\" data-element_type=\"widget\" data-widget_type=\"text-editor.default\">\n\t\t\t\t<div class=\"elementor-widget-container\">\n\t\t\t\t\t\t\t\t\t<p><b>01. DATOS IDENTIFICATIVOS<\/b><br>En cumplimiento del deber de informaci\u00f3n recogido en la Ley 34|2002, de 11 de julio, art\u00edculo 10, de Servicios de la Sociedad de la Informaci\u00f3n y del Comercio electr\u00f3nico, a continuaci\u00f3n, se reflejan los siguientes datos: la entidad titular de ffarchitectura.com es Francesca Fiorelli arq., domicilio a estos efectos en c\/ San Juan Bosco n.2, 9B, 31007 Pamplona, con correo electr\u00f3nico de contacto: hello@ffarchitectura.com<\/p>\n<p><br><b>02. USUARIOS<\/b><br>El acceso y\/o uso de este portal de Francesca Fiorelli arq. atribuye la condici\u00f3n de usuario, que acepta, desde dicho acceso y\/o uso, las Condiciones Generales de uso aqu\u00ed reflejadas. Las citadas condiciones ser\u00e1n de aplicaci\u00f3n independientemente de las Condiciones Generales de Contrataci\u00f3n que en su caso resulten de obligado cumplimiento.<\/p>\n<p><br><b>03. USO DEL PORTAL<\/b><br>www.ffarchitectura.com proporciona el acceso a multitud de informaciones, servicios, programas o datos en Internet (en adelante, \u201clos contenidos\u201d) pertenecientes a&nbsp;Francesca Fiorelli, arq. a los que el usuario pueda tener acceso. El usuario asume la responsabilidad de uso del portal.<br>El usuario se compromete a hacer un uso adecuado de los contenidos y servicios que&nbsp;Francesca Fiorelli, arq.&nbsp;ofrece a trav\u00e9s de su p\u00e1gina WEB, comprometi\u00e9ndose a no utilizarlos para actividades que puedan ser il\u00edcitas, contrarias al orden p\u00fablico, a la defensa nacional o a la salud p\u00fablica.<br>En todo caso,&nbsp;Francesca Fiorelli, arq. se reserva el derecho de modificar unilateralmente, en cualquier momento y sin necesidad de previo aviso, la estructura y dise\u00f1o del sitio WEB: modificar o eliminar servicios o contenidos, as\u00ed como las condiciones de acceso y\/o uso del sitio WEB.<br>Del mismo modo&nbsp;Francesca Fiorelli, arq. se reserva el derecho a modificar en cualquier momento las presentes condiciones de uso, as\u00ed como cualesquiera otras condiciones particulares contenidas en el sitio WEB www.ffarchitectura.com<\/p>\n<p><br><b>04. SUS DATOS Y SUS VISITAS A ESTA PA\u0301GINA WEB<\/b><br>La informaci\u00f3n o datos personales que nos facilite sobre usted ser\u00e1n tratados con arreglo a lo establecido en las Pol\u00edticas de Protecci\u00f3n de Datos. Al hacer uso de esta p\u00e1gina web usted consiente el tratamiento de dicha informaci\u00f3n y datos y declara que toda la informaci\u00f3n o datos que nos facilite son veraces y se corresponden con la realidad.<\/p>\n<p><br><b>05. USO DE COOKIES<\/b><br>Se advierte al usuario que este sitio WEB utiliza cookies. Las cookies son peque\u00f1os archivos de texto que se instalan en el navegador del ordenador del usuario para registrar su actividad, enviando una identificaci\u00f3n an\u00f3nima que se almacena en el mismo, con la finalidad de que la navegaci\u00f3n sea m\u00e1s sencilla, permitiendo, por ejemplo, el acceso a los usuarios que se hayan registrado previamente y el acceso a las \u00e1reas, servicios, promociones o concursos reservados exclusivamente a ellos sin tener que registrarse en cada visita. Se pueden utilizar tambi\u00e9n para medir la audiencia, par\u00e1metros del tr\u00e1fico y navegaci\u00f3n, tiempo de sesi\u00f3n, y\/o controlar el progreso y n\u00famero de entradas.&nbsp;Francesca Fiorelli, arq. procurar\u00e1 en todo momento establecer mecanismos adecuados para obtener el consentimiento del usuario para la instalaci\u00f3n de cookies que lo requieran. No obstante, lo anterior, deber\u00e1 tenerse en cuenta que, de conformidad con la ley, se entender\u00e1 que (I) el usuario ha dado su consentimiento si modifica la configuraci\u00f3n del navegador deshabilitando las restricciones que impiden la entrada de cookies y (II) que el referido consentimiento no ser\u00e1 preciso para la instalaci\u00f3n de aquellas cookies que sean estrictamente necesarias para la prestaci\u00f3n de un servicio expresamente solicitado por el usuario (mediante registro previo).<\/p>\n<p><br><b>06. PROPIEDAD INTELECTUAL E INDUSTRIAL<\/b><br>Francesca Fiorelli, arq. por s\u00ed o como cesionaria, es titular de todos los derechos de propiedad intelectual e industrial de su p\u00e1gina Web, as\u00ed como de los elementos contenidos en la misma (a t\u00edtulo enunciativo, im\u00e1genes, sonido, audio, video, software o textos; marcas o logotipos, combinaciones de colores, estructura y dise\u00f1o\u2026), quedando expresamente prohibidas su reproducci\u00f3n, distribuci\u00f3n y comunicaci\u00f3n p\u00fablica, incluida la modalidad de puesta a disposici\u00f3n de la totalidad o parte de los contenidos de esta p\u00e1gina Web, en cualquier soporte y por cualquier medio t\u00e9cnico, sin la autorizaci\u00f3n de&nbsp;Francesca Fiorelli, arq.<br>El usuario se compromete a respetar los derechos de Propiedad intelectual e Industrial titularidad de&nbsp;Francesca Fiorelli, arq. El usuario deber\u00e1 abstenerse de suprimir, alterar, eludir o manipular cualquier dispositivo de protecci\u00f3n o sistema de seguridad que estuviera instalado en la p\u00e1gina WEB.<\/p>\n<p><br><b>07. EXCLUSI\u00d3N DE GARANT\u00cdAS Y RESPONSABILIDAD<\/b><br>Francesca Fiorelli, arq.&nbsp;no se hace responsable, en ning\u00fan caso, de los da\u00f1os y perjuicios de cualquier naturaleza que pudieran ocasionar, a t\u00edtulo enunciativo: errores u omisiones en los contenidos, falta de disponibilidad del sitio Web o la trasmisi\u00f3n de virus o programas maliciosos o lesivos en los contenidos, a pesar de haber adoptado todas las medidas tecnol\u00f3gicas necesarias para evitarlo.<\/p>\n<p>Deficiencias del servicio, de las redes de comunicaci\u00f3n, de los problemas resultantes del mal funcionamiento o uso de versiones no optimizadas de cualquier navegador, posibles errores de seguridad que se pueden producir ni de los posibles da\u00f1os que se&nbsp;&nbsp;puedan causar en el sistema inform\u00e1tico del usuario, a los ficheros o documentos almacenados en el mismo, como consecuencia de la presencia de virus en el ordenador del usuario utilizado para la conexi\u00f3n a los servicios y contenidos del sitio Web, aver\u00edas telef\u00f3nicas, interferencias, omisiones o desconexiones en el funcionamiento operativo del sistema electr\u00f3nico motivados por causas ajenas a&nbsp;Francesca Fiorelli, arq.; del conocimiento que puedan tener terceros no autorizados de la clase, condiciones, caracter\u00edsticas y circunstancias de acceso y uso que los usuario hacen del sitio WEB y de las informaciones y servicios. Del uso il\u00edcito, negligente, fraudulento, contrario a las presentes Condiciones Generales, a la buena fe, a los usos generales aceptados o al orden p\u00fablico, del sitio Web, sus servicios o contenidos, por parte de los usuarios.<\/p>\n<p><b>08. MODIFICACIONES<\/b><br>Francesca Fiorelli, arq. se reserva el derecho a efectuar sin previo aviso las modificaciones que considere oportunas en la p\u00e1gina web, pudiendo cambiar, suprimir o a\u00f1adir tanto contenidos y servicios que se presten a trav\u00e9s de la misma como la forma en la que estos aparezcan presentados o localizados en su portal.<\/p>\n<p><b>09. ENLACES<\/b><br>En el caso de que en www.ffarchitectura.com se dispusiesen enlaces o hiperv\u00ednculos hacia otros sitios de internet,&nbsp;Francesca Fiorelli, arq. no ejercer\u00e1 ning\u00fan tipo de control sobre dichos sitios y contenido. Bajo ninguna circunstancia,&nbsp;Francesca Fiorelli, arq. asumir\u00e1 responsabilidad alguna por los contenidos de alg\u00fan enlace perteneciente a un sitio web ajeno, ni garantizar\u00e1 la disponibilidad t\u00e9cnica, calidad fiabilidad, exactitud, amplitud, veracidad, validez y constitucionalidad de cualquier material o informaci\u00f3n contenida en ninguno de dichos hiperv\u00ednculos u otros sitios de internet. Igualmente, la inclusi\u00f3n de estas conexiones externas no implicar\u00e1 ning\u00fan tipo de asociaci\u00f3n, fusi\u00f3n o participaci\u00f3n con las entidades conectadas.<\/p>\n<p><b>10. DERECHO DE EXCLUSI\u00d3N<\/b><br>Francesca Fiorelli, arq. se reserva el derecho de bloquear el acceso de un USUARIO ante cualquier indicio de utilizaci\u00f3n fraudulenta de los servicios ofrecidos sin necesidad de preaviso, a instancia propia o de un tercero, a aquellos usuarios que incumplan las presentes condiciones Generales de Uso.<\/p>\n<p><b>11. GENERALIDADES<\/b><br>Se perseguir\u00e1 el incumplimiento de las presentes condiciones, as\u00ed como cualquier utilizaci\u00f3n indebida de su portal ejerciendo todas las acciones civiles y penales que le pueden corresponder en derecho.<\/p>\n<p><b>12. MODIFICACI\u00d3N DE LAS PRESENTES CONDICIONES Y DURACI\u00d3N<\/b><br>Francesca Fiorelli, arq. podr\u00e1 modificar en cualquier momento las condiciones aqu\u00ed determinadas, siendo debidamente publicadas como aqu\u00ed aparecen.&nbsp;&nbsp;La vigencia de las citadas condiciones ir\u00e1 en funci\u00f3n de su exposici\u00f3n y estar\u00e1n vigentes hasta que sean modificadas por otras debidamente publicadas.<\/p>\n<p><b>13. LEGISLACI\u00d3N APLICABLE Y JURISDICCI\u00d3N<\/b><br>La relaci\u00f3n entre&nbsp;Francesca Fiorelli, arq.&nbsp;y el usuario se regir\u00e1 por la normativa espa\u00f1ola vigente y cualquier controversia se someter\u00e1 a los Juzgados y Tribunales de Pamplona.<\/p>\t\t\t\t\t\t\t\t<\/div>\n\t\t\t\t<\/div>\n\t\t\t\t\t<\/div>\n\t\t<\/div>\n\t\t\t\t\t<\/div>\n\t\t<\/section>\n\t\t\t\t<\/div>\n\t\t","protected":false},"excerpt":{"rendered":"<p>01. DATOS IDENTIFICATIVOSEn cumplimiento del deber de informaci\u00f3n recogido en la Ley 34|2002, de 11 de julio, art\u00edculo 10, de Servicios de la Sociedad de la Informaci\u00f3n y del Comercio electr\u00f3nico, a continuaci\u00f3n, se reflejan los siguientes datos: la entidad titular de ffarchitectura.com es Francesca Fiorelli arq., domicilio a estos efectos en c\/ San Juan [&hellip;]<\/p>\n","protected":false},"author":1,"featured_media":0,"parent":0,"menu_order":0,"comment_status":"closed","ping_status":"closed","template":"","meta":{"footnotes":""},"class_list":["post-2161","page","type-page","status-publish","hentry"],"yoast_head":"<!-- This site is optimized with the Yoast SEO plugin v26.7 - https:\/\/yoast.com\/wordpress\/plugins\/seo\/ -->\n<title>Legal - FF Architectura<\/title>\n<meta name=\"robots\" content=\"index, follow, max-snippet:-1, max-image-preview:large, max-video-preview:-1\" \/>\n<link rel=\"canonical\" href=\"https:\/\/ffarchitectura.com\/es\/legal\/\" \/>\n<meta property=\"og:locale\" content=\"es_ES\" \/>\n<meta property=\"og:type\" content=\"article\" \/>\n<meta property=\"og:title\" content=\"Legal - FF Architectura\" \/>\n<meta property=\"og:description\" content=\"01. DATOS IDENTIFICATIVOSEn cumplimiento del deber de informaci\u00f3n recogido en la Ley 34|2002, de 11 de julio, art\u00edculo 10, de Servicios de la Sociedad de la Informaci\u00f3n y del Comercio electr\u00f3nico, a continuaci\u00f3n, se reflejan los siguientes datos: la entidad titular de ffarchitectura.com es Francesca Fiorelli arq., domicilio a estos efectos en c\/ San Juan [&hellip;]\" \/>\n<meta property=\"og:url\" content=\"https:\/\/ffarchitectura.com\/es\/legal\/\" \/>\n<meta property=\"og:site_name\" content=\"FF Architectura\" \/>\n<meta property=\"article:modified_time\" content=\"2023-09-11T20:32:25+00:00\" \/>\n<meta name=\"twitter:card\" content=\"summary_large_image\" \/>\n<meta name=\"twitter:label1\" content=\"Tiempo de lectura\" \/>\n\t<meta name=\"twitter:data1\" content=\"6 minutos\" \/>\n<script type=\"application\/ld+json\" class=\"yoast-schema-graph\">{\"@context\":\"https:\/\/schema.org\",\"@graph\":[{\"@type\":\"WebPage\",\"@id\":\"https:\/\/ffarchitectura.com\/es\/legal\/\",\"url\":\"https:\/\/ffarchitectura.com\/es\/legal\/\",\"name\":\"Legal - FF Architectura\",\"isPartOf\":{\"@id\":\"https:\/\/ffarchitectura.com\/#website\"},\"datePublished\":\"2023-09-11T20:15:12+00:00\",\"dateModified\":\"2023-09-11T20:32:25+00:00\",\"breadcrumb\":{\"@id\":\"https:\/\/ffarchitectura.com\/es\/legal\/#breadcrumb\"},\"inLanguage\":\"es\",\"potentialAction\":[{\"@type\":\"ReadAction\",\"target\":[\"https:\/\/ffarchitectura.com\/es\/legal\/\"]}]},{\"@type\":\"BreadcrumbList\",\"@id\":\"https:\/\/ffarchitectura.com\/es\/legal\/#breadcrumb\",\"itemListElement\":[{\"@type\":\"ListItem\",\"position\":1,\"name\":\"Portada\",\"item\":\"https:\/\/ffarchitectura.com\/\"},{\"@type\":\"ListItem\",\"position\":2,\"name\":\"Legal\"}]},{\"@type\":\"WebSite\",\"@id\":\"https:\/\/ffarchitectura.com\/#website\",\"url\":\"https:\/\/ffarchitectura.com\/\",\"name\":\"FF Architectura\",\"description\":\"Francesca Fiorelli Architect\",\"potentialAction\":[{\"@type\":\"SearchAction\",\"target\":{\"@type\":\"EntryPoint\",\"urlTemplate\":\"https:\/\/ffarchitectura.com\/?s={search_term_string}\"},\"query-input\":{\"@type\":\"PropertyValueSpecification\",\"valueRequired\":true,\"valueName\":\"search_term_string\"}}],\"inLanguage\":\"es\"}]}<\/script>\n<!-- \/ Yoast SEO plugin. -->","yoast_head_json":{"title":"Legal - FF Architectura","robots":{"index":"index","follow":"follow","max-snippet":"max-snippet:-1","max-image-preview":"max-image-preview:large","max-video-preview":"max-video-preview:-1"},"canonical":"https:\/\/ffarchitectura.com\/es\/legal\/","og_locale":"es_ES","og_type":"article","og_title":"Legal - FF Architectura","og_description":"01. DATOS IDENTIFICATIVOSEn cumplimiento del deber de informaci\u00f3n recogido en la Ley 34|2002, de 11 de julio, art\u00edculo 10, de Servicios de la Sociedad de la Informaci\u00f3n y del Comercio electr\u00f3nico, a continuaci\u00f3n, se reflejan los siguientes datos: la entidad titular de ffarchitectura.com es Francesca Fiorelli arq., domicilio a estos efectos en c\/ San Juan [&hellip;]","og_url":"https:\/\/ffarchitectura.com\/es\/legal\/","og_site_name":"FF Architectura","article_modified_time":"2023-09-11T20:32:25+00:00","twitter_card":"summary_large_image","twitter_misc":{"Tiempo de lectura":"6 minutos"},"schema":{"@context":"https:\/\/schema.org","@graph":[{"@type":"WebPage","@id":"https:\/\/ffarchitectura.com\/es\/legal\/","url":"https:\/\/ffarchitectura.com\/es\/legal\/","name":"Legal - FF Architectura","isPartOf":{"@id":"https:\/\/ffarchitectura.com\/#website"},"datePublished":"2023-09-11T20:15:12+00:00","dateModified":"2023-09-11T20:32:25+00:00","breadcrumb":{"@id":"https:\/\/ffarchitectura.com\/es\/legal\/#breadcrumb"},"inLanguage":"es","potentialAction":[{"@type":"ReadAction","target":["https:\/\/ffarchitectura.com\/es\/legal\/"]}]},{"@type":"BreadcrumbList","@id":"https:\/\/ffarchitectura.com\/es\/legal\/#breadcrumb","itemListElement":[{"@type":"ListItem","position":1,"name":"Portada","item":"https:\/\/ffarchitectura.com\/"},{"@type":"ListItem","position":2,"name":"Legal"}]},{"@type":"WebSite","@id":"https:\/\/ffarchitectura.com\/#website","url":"https:\/\/ffarchitectura.com\/","name":"FF Architectura","description":"Francesca Fiorelli Architect","potentialAction":[{"@type":"SearchAction","target":{"@type":"EntryPoint","urlTemplate":"https:\/\/ffarchitectura.com\/?s={search_term_string}"},"query-input":{"@type":"PropertyValueSpecification","valueRequired":true,"valueName":"search_term_string"}}],"inLanguage":"es"}]}},"_links":{"self":[{"href":"https:\/\/ffarchitectura.com\/es\/wp-json\/wp\/v2\/pages\/2161","targetHints":{"allow":["GET"]}}],"collection":[{"href":"https:\/\/ffarchitectura.com\/es\/wp-json\/wp\/v2\/pages"}],"about":[{"href":"https:\/\/ffarchitectura.com\/es\/wp-json\/wp\/v2\/types\/page"}],"author":[{"embeddable":true,"href":"https:\/\/ffarchitectura.com\/es\/wp-json\/wp\/v2\/users\/1"}],"replies":[{"embeddable":true,"href":"https:\/\/ffarchitectura.com\/es\/wp-json\/wp\/v2\/comments?post=2161"}],"version-history":[{"count":9,"href":"https:\/\/ffarchitectura.com\/es\/wp-json\/wp\/v2\/pages\/2161\/revisions"}],"predecessor-version":[{"id":2171,"href":"https:\/\/ffarchitectura.com\/es\/wp-json\/wp\/v2\/pages\/2161\/revisions\/2171"}],"wp:attachment":[{"href":"https:\/\/ffarchitectura.com\/es\/wp-json\/wp\/v2\/media?parent=2161"}],"curies":[{"name":"wp","href":"https:\/\/api.w.org\/{rel}","templated":true}]}}