{"id":2172,"date":"2023-09-11T20:36:03","date_gmt":"2023-09-11T20:36:03","guid":{"rendered":"https:\/\/ffarchitectura.com\/?page_id=2172"},"modified":"2023-09-11T20:47:14","modified_gmt":"2023-09-11T20:47:14","slug":"privacy-policy","status":"publish","type":"page","link":"https:\/\/ffarchitectura.com\/es\/privacy-policy\/","title":{"rendered":"Pol\u00edtica de privacidad"},"content":{"rendered":"\t\t<div data-elementor-type=\"wp-page\" data-elementor-id=\"2172\" class=\"elementor elementor-2172\" data-elementor-post-type=\"page\">\n\t\t\t\t\t\t<section class=\"elementor-section elementor-top-section elementor-element elementor-element-ce0c414 elementor-section-boxed elementor-section-height-default elementor-section-height-default\" data-id=\"ce0c414\" data-element_type=\"section\" data-e-type=\"section\">\n\t\t\t\t\t\t<div class=\"elementor-container elementor-column-gap-default\">\n\t\t\t\t\t<div class=\"elementor-column elementor-col-100 elementor-top-column elementor-element elementor-element-a7a753d\" data-id=\"a7a753d\" data-element_type=\"column\" data-e-type=\"column\">\n\t\t\t<div class=\"elementor-widget-wrap elementor-element-populated\">\n\t\t\t\t\t\t<div class=\"elementor-element elementor-element-85fe3d8 elementor-widget elementor-widget-text-editor\" data-id=\"85fe3d8\" data-element_type=\"widget\" data-e-type=\"widget\" data-widget_type=\"text-editor.default\">\n\t\t\t\t<div class=\"elementor-widget-container\">\n\t\t\t\t\t\t\t\t\t<p><strong>01.<\/strong> <b>DATOS IDENTIFICATIVOS<\/b><br \/>En cumplimiento del deber de informaci\u00f3n recogido en la Ley 34|2002, de 11 de julio, art\u00edculo 10, de Servicios de la Sociedad de la Informaci\u00f3n y del Comercio electr\u00f3nico, a continuaci\u00f3n, se reflejan los siguientes datos: la entidad titular de ffarchitectura.com es Francesca Fiorelli, arq. domicilio a estos efectos en c\/ San Juan Bosco n.2, 9B, 31007 Pamplona, con correo electr\u00f3nico de contacto: hello@ffarchitectura.com<\/p><p><b>02. USUARIOS<\/b><br \/>El acceso y\/o uso de este portal de Francesca Fiorelli, arq. atribuye la condici\u00f3n de usuario, que acepta, desde dicho acceso y\/o uso, las Condiciones Generales de uso aqu\u00ed reflejadas. Las citadas condiciones ser\u00e1n de aplicaci\u00f3n independientemente de las Condiciones Generales de Contrataci\u00f3n que en su caso resulten de obligado cumplimiento.<\/p><p><b>03. PROTECCI\u00d3N DE DATOS DE CAR\u00c1CTER PERSONAL<\/b><br \/>responsable. Francesca Fiorelli, arq.<br \/>finalidad. gesti\u00f3n de la solicitud<br \/>legitimaci\u00f3n. prestaci\u00f3n de servicios | ejecuci\u00f3n de contrato<br \/>destinatarios. NO se realiza cesi\u00f3n de datos a terceros<br \/>derechos. puedes ejercitar los derechos de acceso, rectificaci\u00f3n, supresi\u00f3n, limitaci\u00f3n, oposici\u00f3n y portabilidad de los datos aportados, como se indica en la informaci\u00f3n adicional<br \/>informaci\u00f3n adicional. puede consultar la informaci\u00f3n adicional y detallada sobre PROTECCI\u00d3N DE DATOS siguiendo el siguiente enlace:<\/p><p>+INFO Protecci\u00f3n de Datos aqu\u00ed.<\/p><p><b>INFORMACI\u00d3N DETALLADA PROTECCI\u00d3N DE DATOS<\/b><\/p><p><b>01. RESPONSABLE<\/b><br \/>\u00bfQui\u00e9n es el Responsable del tratamiento de sus datos?<br \/>identidad: Francesca Fiorelli, arq.<br \/>direcci\u00f3n Postal: c\/ San Juan Bosco n.2, 9B, 31007, Pamplona<br \/>tel\u00e9fono: 0034 670609298<br \/>email:hello@ffarchitectura.com<\/p><p><b>02. FINALIDAD<\/b><br \/>\u00bfCon qu\u00e9 finalidad tratamos sus datos personales?<br \/>Tratamos la informaci\u00f3n que nos facilitan las personas interesadas con el fin de gestionar y tramitar los servicios solicitados.<br \/>No se realizar\u00e1n tratamientos de datos automatizados con el fin de elaborar perfiles.<br \/>\u00bfDurante cu\u00e1nto tiempo conservaremos sus datos?<br \/>Los datos personales facilitados por el usuario se conservar\u00e1n mientras no se solicite la supresi\u00f3n de los mismos por parte del interesado.<\/p><p><b>03. LEGITIMACI\u00d3N<\/b><br \/>La base legal para el tratamiento de sus datos es la ejecuci\u00f3n de su solicitud; el desarrollo y ejecuci\u00f3n de las relaciones contractuales y precontractuales establecidas con usted, as\u00ed como el cumplimiento de obligaciones legales que le son de aplicaci\u00f3n a Francesca Fiorelli, arq.<\/p><p><b>04. DESTINATARIOS<\/b><br \/>\u00bfA qu\u00e9 destinatarios se comunicar\u00e1n sus datos?<br \/>Francesca Fiorelli, arq. no realiza cesi\u00f3n de datos a terceros salvo a las<br \/>Administraciones P\u00fablicas a las que se encuentre obligado por Ley.<\/p><p><b>05. DERECHOS<\/b><br \/>El usuario podr\u00e1 ejercer en todo momento los derechos de Acceso, Rectificaci\u00f3n, Supresi\u00f3n, Limitaci\u00f3n, Oposici\u00f3n y Portabilidad de los datos aportados, seg\u00fan lo dispuesto en el Reglamento General (UE) 2016\/679 de Protecci\u00f3n de Datos y en la Ley Org\u00e1nica 3\/2018, de 5 de diciembre, de Protecci\u00f3n de Datos Personales y garant\u00eda de los derechos digitales, dirigiendo un escrito en que especifique que derecho desea ejercer y adjuntando copia de documento oficial que lo identifique dirigido a la direcci\u00f3n arriba indicada o al correo electr\u00f3nico hello@ffarchitectura.com<br \/>Asimismo, el interesado puede presentar una reclamaci\u00f3n ante la Autoridad de Control.<\/p><p>En cumplimiento de lo establecido en el Reglamento General (UE) 2016|679 de Protecci\u00f3n de Datos y en la Ley Org\u00e1nica 3|2018, de 5 de diciembre, de Protecci\u00f3n de Datos Personales y garant\u00eda de los derechos digitales, comunicamos al usuario que los datos personales que nos facilite de forma voluntaria, por cualquiera de nuestros medios de recogida de informaci\u00f3n, van a ser incorporados a las Actividades de Tratamiento automatizados de datos de car\u00e1cter personal, titularidad de Francesca Fiorelli, arq. con el fin de poder prestarle nuestros servicios, as\u00ed como para mantenerle informado sobre cuestiones relativas a la actividad de la empresa y sus servicios. Los campos marcados con \u201c*\u201d son de car\u00e1cter obligatorio, por lo que la no cumplimentaci\u00f3n de dichos campos impedir\u00e1 al usuario disfrutar de algunos de los servicios e informaciones ofrecidas en la WEB. Los datos contenidos en ellos ser\u00e1n tratados de forma confidencial.<br \/>Francesca Fiorelli, arq. cumple \u00edntegramente con la legislaci\u00f3n vigente en materia de protecci\u00f3n de datos de car\u00e1cter personal, y con los compromisos de confidencialidad propios de su actividad.<br \/>Francesca Fiorelli, arq. ha adoptado las medidas t\u00e9cnicas necesarias para mantener el nivel de seguridad requerido, seg\u00fan la naturaleza de los datos personales tratados y las circunstancias del tratamiento, con el objeto de evitar, en la medida de lo posible y siempre seg\u00fan el estado de la t\u00e9cnica, su alteraci\u00f3n, p\u00e9rdida, tratamiento o acceso no autorizado. Para la realizaci\u00f3n de la gesti\u00f3n antes mencionada puede ser necesario que se cedan los datos a encargados del tratamiento, empresas colaboradoras y administraciones p\u00fablicas (las cuales pueden verificar la veracidad de los mismos).<br \/>En caso de que el usuario facilite datos de car\u00e1cter personal, referentes a personas f\u00edsicas distintas a s\u00ed mismo, el usuario deber\u00e1, con car\u00e1cter previo a la inclusi\u00f3n, informarles del contenido de la presente clausula, de acuerdo con lo establecido en el Reglamento General (UE) 2016|679 de Protecci\u00f3n de Datos y en la Ley Org\u00e1nica 3|2018, de 5 de diciembre, de Protecci\u00f3n de datos personales y Garant\u00eda de los derechos digitales.<br \/>Francesca Fiorelli, arq. como responsable de las Actividades de Tratamiento, garantiza el ejercicio de los derechos de acceso, rectificaci\u00f3n, supresi\u00f3n, limitaci\u00f3n, oposici\u00f3n y portabilidad de los datos aportados, seg\u00fan lo dispuesto en el Reglamento General (UE) 2016|679 de Protecci\u00f3n de Datos y en la Ley Org\u00e1nica 3|2018, de 5 de diciembre, de Protecci\u00f3n de datos personales y Garant\u00eda de los derechos digitales. El usuario podr\u00e1 ejercer en todo momento los derechos, dirigiendo un escrito al domicilio social, adjuntando copia del DNI o Pasaporte.<br \/>Francesca Fiorelli, arq. garantiza que todas las comunicaciones comerciales que dirige a sus clientes cumplen la normativa vigente.<br \/>Por ello, en cumplimiento de la Ley 34|2002 de Servicios de la Sociedad de la Informaci\u00f3n y de Comercio Electr\u00f3nico, y la Ley 9|2014 General de Telecomunicaciones, se informa al usuario que Francesca Fiorelli, arq. podr\u00e1 enviarle por medios electr\u00f3nicos informaci\u00f3n acerca de productos y servicios de inter\u00e9s a lo que Ud. presta su consentimiento.<br \/>En cualquier momento podr\u00e1 revocar esta autorizaci\u00f3n en la direcci\u00f3n hello@ffarchitectura.com<\/p>\t\t\t\t\t\t\t\t<\/div>\n\t\t\t\t<\/div>\n\t\t\t\t\t<\/div>\n\t\t<\/div>\n\t\t\t\t\t<\/div>\n\t\t<\/section>\n\t\t\t\t<\/div>\n\t\t","protected":false},"excerpt":{"rendered":"<p>01. DATOS IDENTIFICATIVOSEn cumplimiento del deber de informaci\u00f3n recogido en la Ley 34|2002, de 11 de julio, art\u00edculo 10, de Servicios de la Sociedad de la Informaci\u00f3n y del Comercio electr\u00f3nico, a continuaci\u00f3n, se reflejan los siguientes datos: la entidad titular de ffarchitectura.com es Francesca Fiorelli, arq. domicilio a estos efectos en c\/ San Juan [&hellip;]<\/p>\n","protected":false},"author":1,"featured_media":0,"parent":0,"menu_order":0,"comment_status":"closed","ping_status":"closed","template":"","meta":{"footnotes":""},"class_list":["post-2172","page","type-page","status-publish","hentry"],"yoast_head":"<!-- This site is optimized with the Yoast SEO plugin v27.5 - https:\/\/yoast.com\/product\/yoast-seo-wordpress\/ -->\n<title>Pol\u00edtica de privacidad - FF Architectura<\/title>\n<meta name=\"robots\" content=\"index, follow, max-snippet:-1, max-image-preview:large, max-video-preview:-1\" \/>\n<link rel=\"canonical\" href=\"https:\/\/ffarchitectura.com\/es\/privacy-policy\/\" \/>\n<meta property=\"og:locale\" content=\"es_ES\" \/>\n<meta property=\"og:type\" content=\"article\" \/>\n<meta property=\"og:title\" content=\"Pol\u00edtica de privacidad - FF Architectura\" \/>\n<meta property=\"og:description\" content=\"01. DATOS IDENTIFICATIVOSEn cumplimiento del deber de informaci\u00f3n recogido en la Ley 34|2002, de 11 de julio, art\u00edculo 10, de Servicios de la Sociedad de la Informaci\u00f3n y del Comercio electr\u00f3nico, a continuaci\u00f3n, se reflejan los siguientes datos: la entidad titular de ffarchitectura.com es Francesca Fiorelli, arq. domicilio a estos efectos en c\/ San Juan [&hellip;]\" \/>\n<meta property=\"og:url\" content=\"https:\/\/ffarchitectura.com\/es\/privacy-policy\/\" \/>\n<meta property=\"og:site_name\" content=\"FF Architectura\" \/>\n<meta property=\"article:modified_time\" content=\"2023-09-11T20:47:14+00:00\" \/>\n<meta name=\"twitter:card\" content=\"summary_large_image\" \/>\n<meta name=\"twitter:label1\" content=\"Tiempo de lectura\" \/>\n\t<meta name=\"twitter:data1\" content=\"5 minutos\" \/>\n<script type=\"application\/ld+json\" class=\"yoast-schema-graph\">{\"@context\":\"https:\\\/\\\/schema.org\",\"@graph\":[{\"@type\":\"WebPage\",\"@id\":\"https:\\\/\\\/ffarchitectura.com\\\/es\\\/privacy-policy\\\/\",\"url\":\"https:\\\/\\\/ffarchitectura.com\\\/es\\\/privacy-policy\\\/\",\"name\":\"Pol\u00edtica de privacidad - FF Architectura\",\"isPartOf\":{\"@id\":\"https:\\\/\\\/ffarchitectura.com\\\/#website\"},\"datePublished\":\"2023-09-11T20:36:03+00:00\",\"dateModified\":\"2023-09-11T20:47:14+00:00\",\"breadcrumb\":{\"@id\":\"https:\\\/\\\/ffarchitectura.com\\\/es\\\/privacy-policy\\\/#breadcrumb\"},\"inLanguage\":\"es\",\"potentialAction\":[{\"@type\":\"ReadAction\",\"target\":[\"https:\\\/\\\/ffarchitectura.com\\\/es\\\/privacy-policy\\\/\"]}]},{\"@type\":\"BreadcrumbList\",\"@id\":\"https:\\\/\\\/ffarchitectura.com\\\/es\\\/privacy-policy\\\/#breadcrumb\",\"itemListElement\":[{\"@type\":\"ListItem\",\"position\":1,\"name\":\"Portada\",\"item\":\"https:\\\/\\\/ffarchitectura.com\\\/\"},{\"@type\":\"ListItem\",\"position\":2,\"name\":\"Pol\u00edtica de privacidad\"}]},{\"@type\":\"WebSite\",\"@id\":\"https:\\\/\\\/ffarchitectura.com\\\/#website\",\"url\":\"https:\\\/\\\/ffarchitectura.com\\\/\",\"name\":\"FF Architectura\",\"description\":\"Francesca Fiorelli Architect\",\"potentialAction\":[{\"@type\":\"SearchAction\",\"target\":{\"@type\":\"EntryPoint\",\"urlTemplate\":\"https:\\\/\\\/ffarchitectura.com\\\/?s={search_term_string}\"},\"query-input\":{\"@type\":\"PropertyValueSpecification\",\"valueRequired\":true,\"valueName\":\"search_term_string\"}}],\"inLanguage\":\"es\"}]}<\/script>\n<!-- \/ Yoast SEO plugin. -->","yoast_head_json":{"title":"Pol\u00edtica de privacidad - FF Architectura","robots":{"index":"index","follow":"follow","max-snippet":"max-snippet:-1","max-image-preview":"max-image-preview:large","max-video-preview":"max-video-preview:-1"},"canonical":"https:\/\/ffarchitectura.com\/es\/privacy-policy\/","og_locale":"es_ES","og_type":"article","og_title":"Pol\u00edtica de privacidad - FF Architectura","og_description":"01. DATOS IDENTIFICATIVOSEn cumplimiento del deber de informaci\u00f3n recogido en la Ley 34|2002, de 11 de julio, art\u00edculo 10, de Servicios de la Sociedad de la Informaci\u00f3n y del Comercio electr\u00f3nico, a continuaci\u00f3n, se reflejan los siguientes datos: la entidad titular de ffarchitectura.com es Francesca Fiorelli, arq. domicilio a estos efectos en c\/ San Juan [&hellip;]","og_url":"https:\/\/ffarchitectura.com\/es\/privacy-policy\/","og_site_name":"FF Architectura","article_modified_time":"2023-09-11T20:47:14+00:00","twitter_card":"summary_large_image","twitter_misc":{"Tiempo de lectura":"5 minutos"},"schema":{"@context":"https:\/\/schema.org","@graph":[{"@type":"WebPage","@id":"https:\/\/ffarchitectura.com\/es\/privacy-policy\/","url":"https:\/\/ffarchitectura.com\/es\/privacy-policy\/","name":"Pol\u00edtica de privacidad - FF Architectura","isPartOf":{"@id":"https:\/\/ffarchitectura.com\/#website"},"datePublished":"2023-09-11T20:36:03+00:00","dateModified":"2023-09-11T20:47:14+00:00","breadcrumb":{"@id":"https:\/\/ffarchitectura.com\/es\/privacy-policy\/#breadcrumb"},"inLanguage":"es","potentialAction":[{"@type":"ReadAction","target":["https:\/\/ffarchitectura.com\/es\/privacy-policy\/"]}]},{"@type":"BreadcrumbList","@id":"https:\/\/ffarchitectura.com\/es\/privacy-policy\/#breadcrumb","itemListElement":[{"@type":"ListItem","position":1,"name":"Portada","item":"https:\/\/ffarchitectura.com\/"},{"@type":"ListItem","position":2,"name":"Pol\u00edtica de privacidad"}]},{"@type":"WebSite","@id":"https:\/\/ffarchitectura.com\/#website","url":"https:\/\/ffarchitectura.com\/","name":"FF Architectura","description":"Francesca Fiorelli Architect","potentialAction":[{"@type":"SearchAction","target":{"@type":"EntryPoint","urlTemplate":"https:\/\/ffarchitectura.com\/?s={search_term_string}"},"query-input":{"@type":"PropertyValueSpecification","valueRequired":true,"valueName":"search_term_string"}}],"inLanguage":"es"}]}},"_links":{"self":[{"href":"https:\/\/ffarchitectura.com\/es\/wp-json\/wp\/v2\/pages\/2172","targetHints":{"allow":["GET"]}}],"collection":[{"href":"https:\/\/ffarchitectura.com\/es\/wp-json\/wp\/v2\/pages"}],"about":[{"href":"https:\/\/ffarchitectura.com\/es\/wp-json\/wp\/v2\/types\/page"}],"author":[{"embeddable":true,"href":"https:\/\/ffarchitectura.com\/es\/wp-json\/wp\/v2\/users\/1"}],"replies":[{"embeddable":true,"href":"https:\/\/ffarchitectura.com\/es\/wp-json\/wp\/v2\/comments?post=2172"}],"version-history":[{"count":10,"href":"https:\/\/ffarchitectura.com\/es\/wp-json\/wp\/v2\/pages\/2172\/revisions"}],"predecessor-version":[{"id":2183,"href":"https:\/\/ffarchitectura.com\/es\/wp-json\/wp\/v2\/pages\/2172\/revisions\/2183"}],"wp:attachment":[{"href":"https:\/\/ffarchitectura.com\/es\/wp-json\/wp\/v2\/media?parent=2172"}],"curies":[{"name":"wp","href":"https:\/\/api.w.org\/{rel}","templated":true}]}}