{"id":476,"date":"2023-06-14T18:27:23","date_gmt":"2023-06-14T18:27:23","guid":{"rendered":"https:\/\/ffarchitectura.com\/?page_id=476"},"modified":"2025-03-17T19:07:27","modified_gmt":"2025-03-17T19:07:27","slug":"about","status":"publish","type":"page","link":"https:\/\/ffarchitectura.com\/es\/about\/","title":{"rendered":"About"},"content":{"rendered":"\t\t<div data-elementor-type=\"wp-page\" data-elementor-id=\"476\" class=\"elementor elementor-476\" data-elementor-post-type=\"page\">\n\t\t\t\t\t\t<section class=\"elementor-section elementor-top-section elementor-element elementor-element-93b6ef8 elementor-section-full_width elementor-section-height-min-height elementor-section-content-top elementor-section-items-stretch elementor-hidden-mobile elementor-section-height-default\" data-id=\"93b6ef8\" data-element_type=\"section\">\n\t\t\t\t\t\t<div class=\"elementor-container elementor-column-gap-wider\">\n\t\t\t\t\t<div class=\"elementor-column elementor-col-50 elementor-top-column elementor-element elementor-element-13f05d4\" data-id=\"13f05d4\" data-element_type=\"column\" data-settings=\"{&quot;background_background&quot;:&quot;classic&quot;}\">\n\t\t\t<div class=\"elementor-widget-wrap\">\n\t\t\t\t\t\t\t<\/div>\n\t\t<\/div>\n\t\t\t\t<div class=\"elementor-column elementor-col-50 elementor-top-column elementor-element elementor-element-e99d011\" data-id=\"e99d011\" data-element_type=\"column\" data-settings=\"{&quot;background_background&quot;:&quot;classic&quot;}\">\n\t\t\t<div class=\"elementor-widget-wrap elementor-element-populated\">\n\t\t\t\t\t\t<div class=\"elementor-element elementor-element-d53f541 elementor-widget elementor-widget-text-editor\" data-id=\"d53f541\" data-element_type=\"widget\" data-widget_type=\"text-editor.default\">\n\t\t\t\t<div class=\"elementor-widget-container\">\n\t\t\t\t\t\t\t\t\tEntiendo el buen dise\u00f1o de arquitectura como el \u00e9xito de un proceso creativo, honesto y personalizado, que cuide las necesidades del cliente en la cambiante sociedad contempor\u00e1nea y contribuya a crear mejores espacios para habitar, capaces de expresar el car\u00e1cter pr\u00e1ctico y cotidiano de la arquitectura.\t\t\t\t\t\t\t\t<\/div>\n\t\t\t\t<\/div>\n\t\t\t\t\t<\/div>\n\t\t<\/div>\n\t\t\t\t\t<\/div>\n\t\t<\/section>\n\t\t\t\t<section class=\"elementor-section elementor-top-section elementor-element elementor-element-32b9283 elementor-section-full_width elementor-section-height-min-height elementor-reverse-mobile elementor-section-content-top elementor-section-items-stretch mi_fila elementor-hidden-mobile elementor-section-height-default\" data-id=\"32b9283\" data-element_type=\"section\">\n\t\t\t\t\t\t<div class=\"elementor-container elementor-column-gap-wider\">\n\t\t\t\t\t<div class=\"elementor-column elementor-col-50 elementor-top-column elementor-element elementor-element-0ab9589 columna_fija\" data-id=\"0ab9589\" data-element_type=\"column\" data-settings=\"{&quot;background_background&quot;:&quot;classic&quot;}\">\n\t\t\t<div class=\"elementor-widget-wrap\">\n\t\t\t\t\t\t\t<\/div>\n\t\t<\/div>\n\t\t\t\t<div class=\"elementor-column elementor-col-50 elementor-top-column elementor-element elementor-element-00fa282\" data-id=\"00fa282\" data-element_type=\"column\" data-settings=\"{&quot;background_background&quot;:&quot;classic&quot;}\">\n\t\t\t<div class=\"elementor-widget-wrap elementor-element-populated\">\n\t\t\t\t\t\t<div class=\"elementor-element elementor-element-e6d6d8e elementor-widget elementor-widget-text-editor\" data-id=\"e6d6d8e\" data-element_type=\"widget\" data-widget_type=\"text-editor.default\">\n\t\t\t\t<div class=\"elementor-widget-container\">\n\t\t\t\t\t\t\t\t\t<p><span style=\"font-size: 20px; line-height: 9px;\">biograf\u00eda <\/span><\/p><p>Pasi\u00f3n por el dise\u00f1o de arquitectura nacida mucho antes de la graduaci\u00f3n en UNICA en 2002 y en la ETSAM en 2012, af\u00e1n de conocimiento por la historia y la teor\u00eda de la Arquitectura moderna, alimentado en el MDA por la investigaci\u00f3n doctoral desarrollada entre la ETSA de la Universidad de Navarra y el Polit\u00e9cnico de Mil\u00e1n.<br \/>Dedicaci\u00f3n a la profesi\u00f3n cultivada tambi\u00e9n en a\u00f1os de colaboraci\u00f3n con Patxi Mangado.<br \/>He fundado FFA en 2019, despu\u00e9s de m\u00e1s de 20 a\u00f1os de este camino\u2026<br \/><em>Francesca Fiorelli, arquitecto y doctor en arquitectura<\/em>.<\/p>\t\t\t\t\t\t\t\t<\/div>\n\t\t\t\t<\/div>\n\t\t\t\t<div class=\"elementor-element elementor-element-abdfee2 elementor-widget elementor-widget-text-editor\" data-id=\"abdfee2\" data-element_type=\"widget\" data-widget_type=\"text-editor.default\">\n\t\t\t\t<div class=\"elementor-widget-container\">\n\t\t\t\t\t\t\t\t\t<p><span style=\"font-size: 20px;\">reconocimientos<\/span><\/p><div class=\"two-columns\"><div class=\"date\">2025<\/div><div class=\"contenido_reconocimientos\">primer premio concurso de ideas<br \/>Redise\u00f1o de la Plaza Consistorial de Galar con creaci\u00f3n de refugio clim\u00e1tico.<br \/>Salinas de Pamplona<\/div><\/div><div class=\"two-columns\"><div class=\"date\">2024<\/div><div class=\"contenido_reconocimientos\">proyecto seleccionado a segunda fase de concurso<br \/>Cubrici\u00f3n del Front\u00f3n de Elejalde. Ispaster<\/div><\/div><div class=\"two-columns\"><div class=\"date\">2024<\/div><div class=\"contenido_reconocimientos\">obra seleccionada por el CSCAE<br \/>en la primera fase de los Premios Arquitectura 2024<br \/>Espacio cubierto en la zona centro. Alsasua<\/div><\/div><div class=\"two-columns\"><div class=\"date\">2023<\/div><div class=\"contenido_reconocimientos\">acc\u00e9sit concurso de proyectos<br \/>Auditorio y Escuela de M\u00fasica. La Pobla de Farnals<\/div><\/div><div class=\"two-columns\"><div class=\"date\">2022<\/div><div class=\"contenido_reconocimientos\">primer premio concurso de proyectos<br \/>Espacio cubierto en la zona centro. Alsasua<\/div><\/div><div class=\"two-columns\"><div class=\"date\">2021<\/div><div class=\"contenido_reconocimientos\">primer premio concurso de gr\u00e1fica<br \/>Logo del 400\u00ba anniversario della fondazione del Comune. Altavilla Milicia<\/div><\/div><div class=\"two-columns\"><div class=\"date\">2021<\/div><div class=\"contenido_reconocimientos\">primer premio concurso de gr\u00e1fica<br \/>XI Ciclo de Arquitectura de Cine. Pamplona<\/div><\/div><div class=\"two-columns\"><div class=\"date\">2016<\/div><div class=\"contenido_reconocimientos\">selecci\u00f3n para publicaci\u00f3n cient\u00edfica<br \/>Congreso internacional Inter-fotograf\u00eda y Arquitectura. Interferencias.<br \/>ETSAUN, MUN, FAME, Museo Universidad de Navarra<\/div><\/div><div class=\"two-columns\"><div class=\"date\">2013<\/div><div class=\"contenido_reconocimientos\">selecci\u00f3n para publicaci\u00f3n acad\u00e9mica<br \/>Cuadernos de Proyectos Arquitect\u00f3nicos, n.5, ETSA Universidad Polit\u00e9cnica de Madrid<\/div><\/div><div class=\"two-columns\"><div class=\"date\">2010<\/div><div class=\"contenido_reconocimientos\">selecci\u00f3n para symposium<br \/>Architecture &amp; the State, 1940s to 1970s. Columbia University, NYC<\/div><\/div><div class=\"two-columns\"><div class=\"date\">2006<\/div><div class=\"contenido_reconocimientos\">acc\u00e9sit concurso de proyectos<br \/>Centro polifuncional. Dueville [Vicenza]<\/div><\/div>\t\t\t\t\t\t\t\t<\/div>\n\t\t\t\t<\/div>\n\t\t\t\t<section class=\"elementor-section elementor-inner-section elementor-element elementor-element-44f08e2 centrar_pantalla elementor-section-full_width elementor-section-height-default elementor-section-height-default\" data-id=\"44f08e2\" data-element_type=\"section\">\n\t\t\t\t\t\t<div class=\"elementor-container elementor-column-gap-default\">\n\t\t\t\t\t<div class=\"elementor-column elementor-col-50 elementor-inner-column elementor-element elementor-element-da20053\" data-id=\"da20053\" data-element_type=\"column\">\n\t\t\t<div class=\"elementor-widget-wrap elementor-element-populated\">\n\t\t\t\t\t\t<div class=\"elementor-element elementor-element-b680e65 elementor-widget elementor-widget-text-editor\" data-id=\"b680e65\" data-element_type=\"widget\" data-widget_type=\"text-editor.default\">\n\t\t\t\t<div class=\"elementor-widget-container\">\n\t\t\t\t\t\t\t\t\t<p>hello@ffarchitectura.com<br \/>tlf. 0034 670 609 298<\/p>\t\t\t\t\t\t\t\t<\/div>\n\t\t\t\t<\/div>\n\t\t\t\t<div class=\"elementor-element elementor-element-192d49a elementor-icon-list--layout-inline elementor-align-start elementor-list-item-link-full_width elementor-widget elementor-widget-icon-list\" data-id=\"192d49a\" data-element_type=\"widget\" data-widget_type=\"icon-list.default\">\n\t\t\t\t<div class=\"elementor-widget-container\">\n\t\t\t\t\t\t\t<ul class=\"elementor-icon-list-items elementor-inline-items\">\n\t\t\t\t\t\t\t<li class=\"elementor-icon-list-item elementor-inline-item\">\n\t\t\t\t\t\t\t\t\t\t\t<a href=\"https:\/\/www.instagram.com\/francescafiorelliarchitectura\/\">\n\n\t\t\t\t\t\t\t\t\t\t\t\t<span class=\"elementor-icon-list-icon\">\n\t\t\t\t\t\t\t<i aria-hidden=\"true\" class=\"fab fa-instagram\"><\/i>\t\t\t\t\t\t<\/span>\n\t\t\t\t\t\t\t\t\t\t<span class=\"elementor-icon-list-text\"><\/span>\n\t\t\t\t\t\t\t\t\t\t\t<\/a>\n\t\t\t\t\t\t\t\t\t<\/li>\n\t\t\t\t\t\t\t\t<li class=\"elementor-icon-list-item elementor-inline-item\">\n\t\t\t\t\t\t\t\t\t\t\t<a href=\"https:\/\/es.linkedin.com\/in\/francesca-fiorelli-ffa\">\n\n\t\t\t\t\t\t\t\t\t\t\t\t<span class=\"elementor-icon-list-icon\">\n\t\t\t\t\t\t\t<i aria-hidden=\"true\" class=\"fab fa-linkedin\"><\/i>\t\t\t\t\t\t<\/span>\n\t\t\t\t\t\t\t\t\t\t<span class=\"elementor-icon-list-text\"><\/span>\n\t\t\t\t\t\t\t\t\t\t\t<\/a>\n\t\t\t\t\t\t\t\t\t<\/li>\n\t\t\t\t\t\t<\/ul>\n\t\t\t\t\t\t<\/div>\n\t\t\t\t<\/div>\n\t\t\t\t\t<\/div>\n\t\t<\/div>\n\t\t\t\t<div class=\"elementor-column elementor-col-50 elementor-inner-column elementor-element elementor-element-94e16c4\" data-id=\"94e16c4\" data-element_type=\"column\">\n\t\t\t<div class=\"elementor-widget-wrap\">\n\t\t\t\t\t\t\t<\/div>\n\t\t<\/div>\n\t\t\t\t\t<\/div>\n\t\t<\/section>\n\t\t\t\t\t<\/div>\n\t\t<\/div>\n\t\t\t\t\t<\/div>\n\t\t<\/section>\n\t\t\t\t<section class=\"elementor-section elementor-top-section elementor-element elementor-element-26826d5 elementor-section-full_width elementor-section-height-min-height elementor-section-content-top elementor-section-items-stretch elementor-hidden-desktop elementor-hidden-tablet elementor-section-height-default\" data-id=\"26826d5\" data-element_type=\"section\">\n\t\t\t\t\t\t<div class=\"elementor-container elementor-column-gap-wider\">\n\t\t\t\t\t<div class=\"elementor-column elementor-col-50 elementor-top-column elementor-element elementor-element-3c5b72d\" data-id=\"3c5b72d\" data-element_type=\"column\" data-settings=\"{&quot;background_background&quot;:&quot;classic&quot;}\">\n\t\t\t<div class=\"elementor-widget-wrap\">\n\t\t\t\t\t\t\t<\/div>\n\t\t<\/div>\n\t\t\t\t<div class=\"elementor-column elementor-col-50 elementor-top-column elementor-element elementor-element-bf81cbe\" data-id=\"bf81cbe\" data-element_type=\"column\" data-settings=\"{&quot;background_background&quot;:&quot;classic&quot;}\">\n\t\t\t<div class=\"elementor-widget-wrap elementor-element-populated\">\n\t\t\t\t\t\t<div class=\"elementor-element elementor-element-5c2ea43 elementor-widget elementor-widget-text-editor\" data-id=\"5c2ea43\" data-element_type=\"widget\" data-widget_type=\"text-editor.default\">\n\t\t\t\t<div class=\"elementor-widget-container\">\n\t\t\t\t\t\t\t\t\t<p>Entiendo el buen dise\u00f1o de arquitectura como el \u00e9xito de un proceso creativo, honesto y personalizado, que cuide las necesidades del cliente en la cambiante sociedad contempor\u00e1nea y contribuya a crear mejores espacios para habitar, capaces de expresar el car\u00e1cter pr\u00e1ctico y cotidiano de la arquitectura.<\/p>\t\t\t\t\t\t\t\t<\/div>\n\t\t\t\t<\/div>\n\t\t\t\t\t<\/div>\n\t\t<\/div>\n\t\t\t\t\t<\/div>\n\t\t<\/section>\n\t\t\t\t<section class=\"elementor-section elementor-top-section elementor-element elementor-element-053970c elementor-section-full_width elementor-section-height-min-height elementor-section-content-top elementor-section-items-top mi_fila elementor-hidden-desktop elementor-hidden-tablet elementor-section-height-default\" data-id=\"053970c\" data-element_type=\"section\">\n\t\t\t\t\t\t<div class=\"elementor-container elementor-column-gap-wider\">\n\t\t\t\t\t<div class=\"elementor-column elementor-col-50 elementor-top-column elementor-element elementor-element-def64ad\" data-id=\"def64ad\" data-element_type=\"column\" data-settings=\"{&quot;background_background&quot;:&quot;classic&quot;}\">\n\t\t\t<div class=\"elementor-widget-wrap elementor-element-populated\">\n\t\t\t\t\t\t<div class=\"elementor-element elementor-element-f2c292e elementor-widget elementor-widget-text-editor\" data-id=\"f2c292e\" data-element_type=\"widget\" data-widget_type=\"text-editor.default\">\n\t\t\t\t<div class=\"elementor-widget-container\">\n\t\t\t\t\t\t\t\t\t<span style=\"font-size: 22px; line-height: 9px;\">biograf\u00eda<\/span>\n\nPasi\u00f3n por el dise\u00f1o de arquitectura nacida mucho antes de la graduaci\u00f3n en UNICA en 2002 y en la ETSAM en 2012, af\u00e1n de conocimiento por la historia y la teor\u00eda de la Arquitectura moderna, alimentado en el MDA por la investigaci\u00f3n doctoral desarrollada entre la ETSA de la Universidad de Navarra y el Polit\u00e9cnico de Mil\u00e1n.\nDedicaci\u00f3n a la profesi\u00f3n cultivada tambi\u00e9n en a\u00f1os de colaboraci\u00f3n con Patxi Mangado.\nHe fundado FFA en 2019, despu\u00e9s de m\u00e1s de 20 a\u00f1os de este camino\u2026\n<em>Francesca Fiorelli, arquitecto y doctor en arquitectura.<\/em>\n\n<span style=\"font-size: 20px;\">reconocimientos<\/span>\n<div class=\"two-columns\">\n<div class=\"date_tlf\">2025<\/div>\n<div class=\"contenido_reconocimientos\">primer premio concurso de ideas\nRedise\u00f1o de la Plaza Consistorial de Galar con creaci\u00f3n de refugio clim\u00e1tico. Salinas de Pamplona<\/div>\n<\/div>\n<div class=\"two-columns\">\n<div class=\"date_tlf\">2024<\/div>\n<div class=\"contenido_reconocimientos\">proyecto seleccionado a segunda fase de concurso.\nCubrici\u00f3n del Front\u00f3n de Elejalde. Ispaster<\/div>\n<\/div>\n<div class=\"two-columns\">\n<div class=\"date_tlf\">2024<\/div>\n<div class=\"contenido_reconocimientos\">obra seleccionada por el CSCAE en la primera fase de los Premios Arquitectura 2024\nEspacio cubierto en la zona centro. Alsasua<\/div>\n<\/div>\n<div class=\"two-columns\">\n<div class=\"date_tlf\">2023<\/div>\n<div class=\"contenido_reconocimientos\">acc\u00e9sit concurso de proyectos\nAuditorio y Escuela de M\u00fasica. La Pobla de Farnals<\/div>\n<\/div>\n<div class=\"two-columns\">\n<div class=\"date_tlf\">2022<\/div>\n<div class=\"contenido_reconocimientos\">primer premio concurso de proyectos\nCubierto en la zona centro. Alsasua<\/div>\n<\/div>\n<div class=\"two-columns\">\n<div class=\"date_tlf\">2021<\/div>\n<div class=\"contenido_reconocimientos\">primer premio concurso de gr\u00e1fica\nLogo del 400\u00ba anniversario della fondazione del Comune. Altavilla Milicia<\/div>\n<\/div>\n<div class=\"two-columns\">\n<div class=\"date_tlf\">2021<\/div>\n<div class=\"contenido_reconocimientos\">primer premio concurso de gr\u00e1fica\nXI Ciclo de Arquitectura de Cine. Pamplona<\/div>\n<\/div>\n<div class=\"two-columns\">\n<div class=\"date_tlf\">2016<\/div>\n<div class=\"contenido_reconocimientos\">selecci\u00f3n para publicaci\u00f3n cient\u00edfica\nCongreso internacional Inter-fotograf\u00eda y Arquitectura. Interferencias. ETSAUN, MUN, FAME, Museo Universidad de Navarra<\/div>\n<\/div>\n<div class=\"two-columns\">\n<div class=\"date_tlf\">2015<\/div>\n<div class=\"contenido_reconocimientos\">selecci\u00f3n para publicaci\u00f3n acad\u00e9mica\nRA, n.15, ETSAUN<\/div>\n<\/div>\n<div class=\"two-columns\">\n<div class=\"date_tlf\">2013<\/div>\n<div class=\"contenido_reconocimientos\">selecci\u00f3n para publicaci\u00f3n acad\u00e9mica\nCuadernos de Proyectos Arquitect\u00f3nicos, n.5, ETSA Universidad Polit\u00e9cnica de Madrid<\/div>\n<\/div>\n<div class=\"two-columns\">\n<div class=\"date_tlf\">2010<\/div>\n<div class=\"contenido_reconocimientos\">selecci\u00f3n para symposium\nArchitecture &amp; the State, 1940s to 1970s. Columbia University, NYC<\/div>\n<\/div>\n<div class=\"two-columns\">\n<div class=\"date_tlf\">2006<\/div>\n<div class=\"contenido_reconocimientos\">acc\u00e9sit concurso de proyectos\nCentro polifuncional. Dueville [Vicenza]<\/div>\n<\/div>\t\t\t\t\t\t\t\t<\/div>\n\t\t\t\t<\/div>\n\t\t\t\t\t<\/div>\n\t\t<\/div>\n\t\t\t\t<div class=\"elementor-column elementor-col-50 elementor-top-column elementor-element elementor-element-c9eb41a\" data-id=\"c9eb41a\" data-element_type=\"column\" data-settings=\"{&quot;background_background&quot;:&quot;classic&quot;}\">\n\t\t\t<div class=\"elementor-widget-wrap elementor-element-populated\">\n\t\t\t\t\t\t<div class=\"elementor-element elementor-element-872afbe elementor-widget elementor-widget-text-editor\" data-id=\"872afbe\" data-element_type=\"widget\" data-widget_type=\"text-editor.default\">\n\t\t\t\t<div class=\"elementor-widget-container\">\n\t\t\t\t\t\t\t\t\t<p>hello@ffarchitectura.com<br>tlf. 0034 670 609 298<\/p>\t\t\t\t\t\t\t\t<\/div>\n\t\t\t\t<\/div>\n\t\t\t\t<div class=\"elementor-element elementor-element-0802235 elementor-icon-list--layout-inline elementor-align-start elementor-list-item-link-full_width elementor-widget elementor-widget-icon-list\" data-id=\"0802235\" data-element_type=\"widget\" data-widget_type=\"icon-list.default\">\n\t\t\t\t<div class=\"elementor-widget-container\">\n\t\t\t\t\t\t\t<ul class=\"elementor-icon-list-items elementor-inline-items\">\n\t\t\t\t\t\t\t<li class=\"elementor-icon-list-item elementor-inline-item\">\n\t\t\t\t\t\t\t\t\t\t\t<a href=\"https:\/\/www.instagram.com\/francescafiorelliarchitectura\/\">\n\n\t\t\t\t\t\t\t\t\t\t\t\t<span class=\"elementor-icon-list-icon\">\n\t\t\t\t\t\t\t<i aria-hidden=\"true\" class=\"fab fa-instagram\"><\/i>\t\t\t\t\t\t<\/span>\n\t\t\t\t\t\t\t\t\t\t<span class=\"elementor-icon-list-text\"><\/span>\n\t\t\t\t\t\t\t\t\t\t\t<\/a>\n\t\t\t\t\t\t\t\t\t<\/li>\n\t\t\t\t\t\t\t\t<li class=\"elementor-icon-list-item elementor-inline-item\">\n\t\t\t\t\t\t\t\t\t\t\t<a href=\"https:\/\/es.linkedin.com\/in\/francesca-fiorelli-ffa\">\n\n\t\t\t\t\t\t\t\t\t\t\t\t<span class=\"elementor-icon-list-icon\">\n\t\t\t\t\t\t\t<i aria-hidden=\"true\" class=\"fab fa-linkedin\"><\/i>\t\t\t\t\t\t<\/span>\n\t\t\t\t\t\t\t\t\t\t<span class=\"elementor-icon-list-text\"><\/span>\n\t\t\t\t\t\t\t\t\t\t\t<\/a>\n\t\t\t\t\t\t\t\t\t<\/li>\n\t\t\t\t\t\t<\/ul>\n\t\t\t\t\t\t<\/div>\n\t\t\t\t<\/div>\n\t\t\t\t\t<\/div>\n\t\t<\/div>\n\t\t\t\t\t<\/div>\n\t\t<\/section>\n\t\t\t\t<section class=\"elementor-section elementor-top-section elementor-element elementor-element-216dd35e elementor-section-boxed elementor-section-height-default elementor-section-height-default\" data-id=\"216dd35e\" data-element_type=\"section\" id=\"FooterAux\">\n\t\t\t\t\t\t<div class=\"elementor-container elementor-column-gap-default\">\n\t\t\t\t\t<div class=\"elementor-column elementor-col-100 elementor-top-column elementor-element elementor-element-18664e79\" data-id=\"18664e79\" data-element_type=\"column\">\n\t\t\t<div class=\"elementor-widget-wrap\">\n\t\t\t\t\t\t\t<\/div>\n\t\t<\/div>\n\t\t\t\t\t<\/div>\n\t\t<\/section>\n\t\t\t\t<\/div>\n\t\t","protected":false},"excerpt":{"rendered":"<p>Entiendo el buen dise\u00f1o de arquitectura como el \u00e9xito de un proceso creativo, honesto y personalizado, que cuide las necesidades del cliente en la cambiante sociedad contempor\u00e1nea y contribuya a crear mejores espacios para habitar, capaces de expresar el car\u00e1cter pr\u00e1ctico y cotidiano de la arquitectura. biograf\u00eda Pasi\u00f3n por el dise\u00f1o de arquitectura nacida mucho [&hellip;]<\/p>\n","protected":false},"author":1,"featured_media":0,"parent":0,"menu_order":0,"comment_status":"closed","ping_status":"closed","template":"","meta":{"footnotes":""},"class_list":["post-476","page","type-page","status-publish","hentry"],"yoast_head":"<!-- This site is optimized with the Yoast SEO plugin v26.7 - https:\/\/yoast.com\/wordpress\/plugins\/seo\/ -->\n<title>About - FF Architectura<\/title>\n<meta name=\"robots\" content=\"index, follow, max-snippet:-1, max-image-preview:large, max-video-preview:-1\" \/>\n<link rel=\"canonical\" href=\"https:\/\/ffarchitectura.com\/es\/about\/\" \/>\n<meta property=\"og:locale\" content=\"es_ES\" \/>\n<meta property=\"og:type\" content=\"article\" \/>\n<meta property=\"og:title\" content=\"About - FF Architectura\" \/>\n<meta property=\"og:description\" content=\"Entiendo el buen dise\u00f1o de arquitectura como el \u00e9xito de un proceso creativo, honesto y personalizado, que cuide las necesidades del cliente en la cambiante sociedad contempor\u00e1nea y contribuya a crear mejores espacios para habitar, capaces de expresar el car\u00e1cter pr\u00e1ctico y cotidiano de la arquitectura. biograf\u00eda Pasi\u00f3n por el dise\u00f1o de arquitectura nacida mucho [&hellip;]\" \/>\n<meta property=\"og:url\" content=\"https:\/\/ffarchitectura.com\/es\/about\/\" \/>\n<meta property=\"og:site_name\" content=\"FF Architectura\" \/>\n<meta property=\"article:modified_time\" content=\"2025-03-17T19:07:27+00:00\" \/>\n<meta name=\"twitter:card\" content=\"summary_large_image\" \/>\n<meta name=\"twitter:label1\" content=\"Tiempo de lectura\" \/>\n\t<meta name=\"twitter:data1\" content=\"3 minutos\" \/>\n<script type=\"application\/ld+json\" class=\"yoast-schema-graph\">{\"@context\":\"https:\/\/schema.org\",\"@graph\":[{\"@type\":\"WebPage\",\"@id\":\"https:\/\/ffarchitectura.com\/es\/about\/\",\"url\":\"https:\/\/ffarchitectura.com\/es\/about\/\",\"name\":\"About - FF Architectura\",\"isPartOf\":{\"@id\":\"https:\/\/ffarchitectura.com\/#website\"},\"datePublished\":\"2023-06-14T18:27:23+00:00\",\"dateModified\":\"2025-03-17T19:07:27+00:00\",\"breadcrumb\":{\"@id\":\"https:\/\/ffarchitectura.com\/es\/about\/#breadcrumb\"},\"inLanguage\":\"es\",\"potentialAction\":[{\"@type\":\"ReadAction\",\"target\":[\"https:\/\/ffarchitectura.com\/es\/about\/\"]}]},{\"@type\":\"BreadcrumbList\",\"@id\":\"https:\/\/ffarchitectura.com\/es\/about\/#breadcrumb\",\"itemListElement\":[{\"@type\":\"ListItem\",\"position\":1,\"name\":\"Portada\",\"item\":\"https:\/\/ffarchitectura.com\/\"},{\"@type\":\"ListItem\",\"position\":2,\"name\":\"About\"}]},{\"@type\":\"WebSite\",\"@id\":\"https:\/\/ffarchitectura.com\/#website\",\"url\":\"https:\/\/ffarchitectura.com\/\",\"name\":\"FF Architectura\",\"description\":\"Francesca Fiorelli Architect\",\"potentialAction\":[{\"@type\":\"SearchAction\",\"target\":{\"@type\":\"EntryPoint\",\"urlTemplate\":\"https:\/\/ffarchitectura.com\/?s={search_term_string}\"},\"query-input\":{\"@type\":\"PropertyValueSpecification\",\"valueRequired\":true,\"valueName\":\"search_term_string\"}}],\"inLanguage\":\"es\"}]}<\/script>\n<!-- \/ Yoast SEO plugin. -->","yoast_head_json":{"title":"About - FF Architectura","robots":{"index":"index","follow":"follow","max-snippet":"max-snippet:-1","max-image-preview":"max-image-preview:large","max-video-preview":"max-video-preview:-1"},"canonical":"https:\/\/ffarchitectura.com\/es\/about\/","og_locale":"es_ES","og_type":"article","og_title":"About - FF Architectura","og_description":"Entiendo el buen dise\u00f1o de arquitectura como el \u00e9xito de un proceso creativo, honesto y personalizado, que cuide las necesidades del cliente en la cambiante sociedad contempor\u00e1nea y contribuya a crear mejores espacios para habitar, capaces de expresar el car\u00e1cter pr\u00e1ctico y cotidiano de la arquitectura. biograf\u00eda Pasi\u00f3n por el dise\u00f1o de arquitectura nacida mucho [&hellip;]","og_url":"https:\/\/ffarchitectura.com\/es\/about\/","og_site_name":"FF Architectura","article_modified_time":"2025-03-17T19:07:27+00:00","twitter_card":"summary_large_image","twitter_misc":{"Tiempo de lectura":"3 minutos"},"schema":{"@context":"https:\/\/schema.org","@graph":[{"@type":"WebPage","@id":"https:\/\/ffarchitectura.com\/es\/about\/","url":"https:\/\/ffarchitectura.com\/es\/about\/","name":"About - FF Architectura","isPartOf":{"@id":"https:\/\/ffarchitectura.com\/#website"},"datePublished":"2023-06-14T18:27:23+00:00","dateModified":"2025-03-17T19:07:27+00:00","breadcrumb":{"@id":"https:\/\/ffarchitectura.com\/es\/about\/#breadcrumb"},"inLanguage":"es","potentialAction":[{"@type":"ReadAction","target":["https:\/\/ffarchitectura.com\/es\/about\/"]}]},{"@type":"BreadcrumbList","@id":"https:\/\/ffarchitectura.com\/es\/about\/#breadcrumb","itemListElement":[{"@type":"ListItem","position":1,"name":"Portada","item":"https:\/\/ffarchitectura.com\/"},{"@type":"ListItem","position":2,"name":"About"}]},{"@type":"WebSite","@id":"https:\/\/ffarchitectura.com\/#website","url":"https:\/\/ffarchitectura.com\/","name":"FF Architectura","description":"Francesca Fiorelli Architect","potentialAction":[{"@type":"SearchAction","target":{"@type":"EntryPoint","urlTemplate":"https:\/\/ffarchitectura.com\/?s={search_term_string}"},"query-input":{"@type":"PropertyValueSpecification","valueRequired":true,"valueName":"search_term_string"}}],"inLanguage":"es"}]}},"_links":{"self":[{"href":"https:\/\/ffarchitectura.com\/es\/wp-json\/wp\/v2\/pages\/476","targetHints":{"allow":["GET"]}}],"collection":[{"href":"https:\/\/ffarchitectura.com\/es\/wp-json\/wp\/v2\/pages"}],"about":[{"href":"https:\/\/ffarchitectura.com\/es\/wp-json\/wp\/v2\/types\/page"}],"author":[{"embeddable":true,"href":"https:\/\/ffarchitectura.com\/es\/wp-json\/wp\/v2\/users\/1"}],"replies":[{"embeddable":true,"href":"https:\/\/ffarchitectura.com\/es\/wp-json\/wp\/v2\/comments?post=476"}],"version-history":[{"count":404,"href":"https:\/\/ffarchitectura.com\/es\/wp-json\/wp\/v2\/pages\/476\/revisions"}],"predecessor-version":[{"id":2980,"href":"https:\/\/ffarchitectura.com\/es\/wp-json\/wp\/v2\/pages\/476\/revisions\/2980"}],"wp:attachment":[{"href":"https:\/\/ffarchitectura.com\/es\/wp-json\/wp\/v2\/media?parent=476"}],"curies":[{"name":"wp","href":"https:\/\/api.w.org\/{rel}","templated":true}]}}